{"id":2,"date":"2016-05-16T09:54:19","date_gmt":"2016-05-16T15:54:19","guid":{"rendered":"http:\/\/empresas.librosparatodoscr.com\/britt2016\/?page_id=2"},"modified":"2016-05-19T10:21:54","modified_gmt":"2016-05-19T16:21:54","slug":"home","status":"publish","type":"page","link":"https:\/\/empresas.librosparatodoscr.com\/juanvinas2016\/","title":{"rendered":"Home"},"content":{"rendered":"<div id=\"aq-template-wrapper-7\" class=\"aq-template-wrapper aq_row\"><div id=\"aq-block-7-1\" class=\"aq-block aq-block-aq_video_block aq_span12 aq-first clearfix\">\t\n\t\t<section class=\"full video ebor-full\" id=\"home\">\n\t\t\t\n\t\t\t\t\t\t\n\t\t\t\t\t\t\t<div class=\"legacy-header-button\"><a class=\"button white light scroller\" href=\"#logros\">Donaci\u00f3n Fundaci\u00f3n Juan Vi\u00f1as 2016<\/a><\/div>\n\t\t\t\t\t\n\t\t<\/section>\n\t\t\n\t\t<script type=\"text\/javascript\">\n\t\t    jQuery(document).ready(function($){\n\t\t        var BV = new $.BigVideo({\n\t\t        \tuseFlashForFirefox:false\n\t\t        });\n\t\t\t\tBV.init();\n\t\t\t\tif ((\/iPhone|iPod|iPad|Android|BlackBerry\/).test(navigator.userAgent)) {\n\t\t\t\t    BV.show('');\n\t\t\t\t} else {\n\t\t\t\t    BV.show('http:\/\/empresas.librosparatodoscr.com\/_assets\/2016\/2016_Donacion_GN_v3.mp4',{\n\t\t\t\t    \taltSource:'http:\/\/empresas.librosparatodoscr.com\/_assets\/2016\/2016_Donacion_GN_v3.ogv'\n\t\t\t\t    });\n\t\t\t\t}\n\t\t\t\tBV.getPlayer().volume(0);\n\t\t    });\n\t\t<\/script>\n\t\t\n\t<\/div><div id=\"aq-block-7-2\" class=\"aq-block aq-block-aq_ebor_clear_block aq_span12 aq-first clearfix\"><div class=\"clear\"><\/div><div style=\"width:100%;height:10px;\"><\/div><\/div><div id=\"aq-block-7-3\" class=\"aq-block aq-block-aq_ebor_text_block aq_span12 aq-first clearfix\">\t\n\t\t<div class=\"animated\" data-animation=\"bounceIn animated-visible\">\n\t\t\n\t\t\t<h5>Logros<\/h5><p><a name=\"logros\">Impulsamos la educaci\u00f3n de Costa Rica<\/a><\/p>\n\t\t\n\t\t<\/div>\n\t\t\n\t<\/div><div id=\"aq-block-7-4\" class=\"aq-block aq-block-aq_ebor_clear_block aq_span12 aq-first clearfix\"><div class=\"clear\"><\/div><div style=\"width:100%;height:10px;\"><\/div><\/div><div id=\"aq-block-7-5\" class=\"aq-block aq-block-aq_icon_column_block aq_span3 aq-first clearfix\">\t\n\t\t<div class=\"widget service animated\" data-animation=\"pulse animated-visible\">\n\t\t\n\t\t\t\t\t\t\t<i class=\"fa fa-child fa-6x\" style=\"color: #e74c3c;\"><\/i>\n\t\t\t\t<div class=\"break15\"><\/div>\n\t\t\t\t\t\t\n\t\t\t<h4 class=\"margin-bottom-10\">Estudiantes<\/h4>\n\t\t\t<p>1234 ni\u00f1os beneficiados <\/p>\n\t\t<\/div>\n\t\n\t<\/div><div id=\"aq-block-7-6\" class=\"aq-block aq-block-aq_icon_column_block aq_span3  clearfix\">\t\n\t\t<div class=\"widget service animated\" data-animation=\"pulse animated-visible\">\n\t\t\n\t\t\t\t\t\t\t<i class=\"fa fa-book fa-6x\" style=\"color: #e74c3c;\"><\/i>\n\t\t\t\t<div class=\"break15\"><\/div>\n\t\t\t\t\t\t\n\t\t\t<h4 class=\"margin-bottom-10\">Libros<\/h4>\n\t\t\t<p>4936 libros donados<\/p>\n\t\t<\/div>\n\t\n\t<\/div><div id=\"aq-block-7-7\" class=\"aq-block aq-block-aq_icon_column_block aq_span3  clearfix\">\t\n\t\t<div class=\"widget service animated\" data-animation=\"pulse animated-visible\">\n\t\t\n\t\t\t\t\t\t\t<i class=\"fa fa-building fa-6x\" style=\"color: #e74c3c;\"><\/i>\n\t\t\t\t<div class=\"break15\"><\/div>\n\t\t\t\t\t\t\n\t\t\t<h4 class=\"margin-bottom-10\">Escuelas<\/h4>\n\t\t\t<p>22 escuelas alcanzadas<\/p>\n\t\t<\/div>\n\t\n\t<\/div><div id=\"aq-block-7-8\" class=\"aq-block aq-block-aq_icon_column_block aq_span3  clearfix\">\t\n\t\t<div class=\"widget service animated\" data-animation=\"pulse animated-visible\">\n\t\t\n\t\t\t\t\t\t\t<i class=\"fa fa-truck fa-6x\" style=\"color: #e74c3c;\"><\/i>\n\t\t\t\t<div class=\"break15\"><\/div>\n\t\t\t\t\t\t\n\t\t\t<h4 class=\"margin-bottom-10\">Entregas<\/h4>\n\t\t\t<p>Antes de Semana Santa<\/p>\n\t\t<\/div>\n\t\n\t<\/div><div id=\"aq-block-7-9\" class=\"aq-block aq-block-aq_ebor_clear_block aq_span12 aq-first clearfix\"><div class=\"clear\"><\/div><div style=\"width:100%;height:10px;\"><\/div><\/div><div id=\"aq-block-7-10\" class=\"aq-block aq-block-aq_ebor_text_block aq_span12 aq-first clearfix\">\t\n\t\t<div class=\"animated\" data-animation=\"bounceIn animated-visible\">\n\t\t\n\t\t\t<h5>Momentos<\/h5><p><a name=\"portfolio\">Im\u00e1genes que definen lo que hacemos<\/a><\/p>\n\t\t\n\t\t<\/div>\n\t\t\n\t<\/div><div id=\"aq-block-7-11\" class=\"aq-block aq-block-aq_portfolio_block aq_span12 aq-first clearfix\">\n<div id=\"filters\" class=\"animated\" data-animation=\"fadeInDown animated-visible\">\n\t<a href=\"*\" class=\"active button\">Todo<\/a><a href=\".fotos\" class=\"button\">Fotos<\/a><a href=\".videos\" class=\"button\">Videos<\/a><\/div>\t\t\n\t\t<div id=\"loader\" class=\"animated\"><\/div>\n\t\t\t\n\t\t<ul id=\"isotope-portfolio\" class=\"clearfix portfolio-isotope animated\" data-animation=\"animated-visible fadeInUp\">\n\t\t\t\n\t\t\t\n<li id=\"portfolio-135\" class=\"videos post-135 portfolio type-portfolio status-publish format-video has-post-thumbnail hentry portfolio-category-videos\">\n\n\t<a href=\"https:\/\/empresas.librosparatodoscr.com\/juanvinas2016\/portfolio\/actividad-con-directores-y-docentes-donados-15\/\" class=\"ajax-link isotope-alt-image\">\n\t\n\t\t<img loading=\"lazy\" decoding=\"async\" width=\"268\" height=\"190\" src=\"https:\/\/empresas.librosparatodoscr.com\/juanvinas2016\/wp-content\/uploads\/sites\/72\/2016\/06\/Screen-Shot-2016-06-06-at-9.20.50-AM.png\" class=\"attachment-portfolio size-portfolio wp-post-image\" alt=\"\" \/>\t\t\n\t\t<div>\n\t\t\t<h4>Actividad con directores y docentes donados 15<small>Videos<\/small><\/h4>\t\t<\/div>\n\t<\/a>\n\t\n\t<div class=\"isotope-alt-details\">\n\t\t<div>\n\t\t\t<h4 class=\"remove-bottom\">Actividad con directores y docentes donados 15<\/h4><p class=\"meta\">Videos<\/p>\t\t<\/div>\n\t<\/div>\n\t\n<\/li>\n<li id=\"portfolio-133\" class=\"videos post-133 portfolio type-portfolio status-publish format-video has-post-thumbnail hentry portfolio-category-videos\">\n\n\t<a href=\"https:\/\/empresas.librosparatodoscr.com\/juanvinas2016\/portfolio\/actividad-con-directores-y-docentes-donados-14\/\" class=\"ajax-link isotope-alt-image\">\n\t\n\t\t<img loading=\"lazy\" decoding=\"async\" width=\"273\" height=\"214\" src=\"https:\/\/empresas.librosparatodoscr.com\/juanvinas2016\/wp-content\/uploads\/sites\/72\/2016\/06\/Screen-Shot-2016-06-06-at-9.17.19-AM.png\" class=\"attachment-portfolio size-portfolio wp-post-image\" alt=\"\" \/>\t\t\n\t\t<div>\n\t\t\t<h4>Actividad con directores y docentes donados 14<small>Videos<\/small><\/h4>\t\t<\/div>\n\t<\/a>\n\t\n\t<div class=\"isotope-alt-details\">\n\t\t<div>\n\t\t\t<h4 class=\"remove-bottom\">Actividad con directores y docentes donados 14<\/h4><p class=\"meta\">Videos<\/p>\t\t<\/div>\n\t<\/div>\n\t\n<\/li>\n<li id=\"portfolio-131\" class=\"videos post-131 portfolio type-portfolio status-publish format-video has-post-thumbnail hentry portfolio-category-videos\">\n\n\t<a href=\"https:\/\/empresas.librosparatodoscr.com\/juanvinas2016\/portfolio\/actividad-con-directores-y-docentes-donados-12\/\" class=\"ajax-link isotope-alt-image\">\n\t\n\t\t<img loading=\"lazy\" decoding=\"async\" width=\"271\" height=\"218\" src=\"https:\/\/empresas.librosparatodoscr.com\/juanvinas2016\/wp-content\/uploads\/sites\/72\/2016\/06\/Screen-Shot-2016-06-06-at-9.15.07-AM.png\" class=\"attachment-portfolio size-portfolio wp-post-image\" alt=\"\" \/>\t\t\n\t\t<div>\n\t\t\t<h4>Actividad con directores y docentes donados 12<small>Videos<\/small><\/h4>\t\t<\/div>\n\t<\/a>\n\t\n\t<div class=\"isotope-alt-details\">\n\t\t<div>\n\t\t\t<h4 class=\"remove-bottom\">Actividad con directores y docentes donados 12<\/h4><p class=\"meta\">Videos<\/p>\t\t<\/div>\n\t<\/div>\n\t\n<\/li>\n<li id=\"portfolio-128\" class=\"videos post-128 portfolio type-portfolio status-publish format-video has-post-thumbnail hentry portfolio-category-videos\">\n\n\t<a href=\"https:\/\/empresas.librosparatodoscr.com\/juanvinas2016\/portfolio\/actividad-con-directores-y-docentes-donados-13\/\" class=\"ajax-link isotope-alt-image\">\n\t\n\t\t<img loading=\"lazy\" decoding=\"async\" width=\"272\" height=\"184\" src=\"https:\/\/empresas.librosparatodoscr.com\/juanvinas2016\/wp-content\/uploads\/sites\/72\/2016\/06\/Screen-Shot-2016-06-06-at-9.07.44-AM.png\" class=\"attachment-portfolio size-portfolio wp-post-image\" alt=\"\" \/>\t\t\n\t\t<div>\n\t\t\t<h4>Actividad con directores y docentes donados 13<small>Videos<\/small><\/h4>\t\t<\/div>\n\t<\/a>\n\t\n\t<div class=\"isotope-alt-details\">\n\t\t<div>\n\t\t\t<h4 class=\"remove-bottom\">Actividad con directores y docentes donados 13<\/h4><p class=\"meta\">Videos<\/p>\t\t<\/div>\n\t<\/div>\n\t\n<\/li>\n<li id=\"portfolio-124\" class=\"videos post-124 portfolio type-portfolio status-publish format-video has-post-thumbnail hentry portfolio-category-videos\">\n\n\t<a href=\"https:\/\/empresas.librosparatodoscr.com\/juanvinas2016\/portfolio\/actividad-con-directores-y-docentes-donados-11\/\" class=\"ajax-link isotope-alt-image\">\n\t\n\t\t<img loading=\"lazy\" decoding=\"async\" width=\"400\" height=\"300\" src=\"https:\/\/empresas.librosparatodoscr.com\/juanvinas2016\/wp-content\/uploads\/sites\/72\/2016\/06\/Screen-Shot-2016-06-06-at-9.02.35-AM-400x300.png\" class=\"attachment-portfolio size-portfolio wp-post-image\" alt=\"\" \/>\t\t\n\t\t<div>\n\t\t\t<h4>Actividad con directores y docentes donados 11<small>Videos<\/small><\/h4>\t\t<\/div>\n\t<\/a>\n\t\n\t<div class=\"isotope-alt-details\">\n\t\t<div>\n\t\t\t<h4 class=\"remove-bottom\">Actividad con directores y docentes donados 11<\/h4><p class=\"meta\">Videos<\/p>\t\t<\/div>\n\t<\/div>\n\t\n<\/li>\n<li id=\"portfolio-122\" class=\"videos post-122 portfolio type-portfolio status-publish format-video has-post-thumbnail hentry portfolio-category-videos\">\n\n\t<a href=\"https:\/\/empresas.librosparatodoscr.com\/juanvinas2016\/portfolio\/actividad-con-directores-y-docentes-donados-10\/\" class=\"ajax-link isotope-alt-image\">\n\t\n\t\t<img loading=\"lazy\" decoding=\"async\" width=\"400\" height=\"300\" src=\"https:\/\/empresas.librosparatodoscr.com\/juanvinas2016\/wp-content\/uploads\/sites\/72\/2016\/06\/Screen-Shot-2016-06-06-at-9.00.24-AM-400x300.png\" class=\"attachment-portfolio size-portfolio wp-post-image\" alt=\"\" \/>\t\t\n\t\t<div>\n\t\t\t<h4>Actividad con directores y docentes donados 10<small>Videos<\/small><\/h4>\t\t<\/div>\n\t<\/a>\n\t\n\t<div class=\"isotope-alt-details\">\n\t\t<div>\n\t\t\t<h4 class=\"remove-bottom\">Actividad con directores y docentes donados 10<\/h4><p class=\"meta\">Videos<\/p>\t\t<\/div>\n\t<\/div>\n\t\n<\/li>\n<li id=\"portfolio-120\" class=\"videos post-120 portfolio type-portfolio status-publish format-video has-post-thumbnail hentry portfolio-category-videos\">\n\n\t<a href=\"https:\/\/empresas.librosparatodoscr.com\/juanvinas2016\/portfolio\/actividad-con-directores-y-docentes-donados-9\/\" class=\"ajax-link isotope-alt-image\">\n\t\n\t\t<img loading=\"lazy\" decoding=\"async\" width=\"400\" height=\"300\" src=\"https:\/\/empresas.librosparatodoscr.com\/juanvinas2016\/wp-content\/uploads\/sites\/72\/2016\/06\/Screen-Shot-2016-06-06-at-8.58.23-AM-400x300.png\" class=\"attachment-portfolio size-portfolio wp-post-image\" alt=\"\" \/>\t\t\n\t\t<div>\n\t\t\t<h4>Actividad con directores y docentes donados 9<small>Videos<\/small><\/h4>\t\t<\/div>\n\t<\/a>\n\t\n\t<div class=\"isotope-alt-details\">\n\t\t<div>\n\t\t\t<h4 class=\"remove-bottom\">Actividad con directores y docentes donados 9<\/h4><p class=\"meta\">Videos<\/p>\t\t<\/div>\n\t<\/div>\n\t\n<\/li>\n<li id=\"portfolio-119\" class=\"fotos post-119 portfolio type-portfolio status-publish format-standard has-post-thumbnail hentry portfolio-category-fotos\">\n\n\t<a href=\"https:\/\/empresas.librosparatodoscr.com\/juanvinas2016\/portfolio\/actividad-con-directores-y-docentes-donados-8\/\" class=\"ajax-link isotope-alt-image\">\n\t\n\t\t<img loading=\"lazy\" decoding=\"async\" width=\"400\" height=\"300\" src=\"https:\/\/empresas.librosparatodoscr.com\/juanvinas2016\/wp-content\/uploads\/sites\/72\/2016\/06\/IMG_0806-400x300.jpg\" class=\"attachment-portfolio size-portfolio wp-post-image\" alt=\"\" srcset=\"https:\/\/empresas.librosparatodoscr.com\/juanvinas2016\/wp-content\/uploads\/sites\/72\/2016\/06\/IMG_0806-400x300.jpg 400w, https:\/\/empresas.librosparatodoscr.com\/juanvinas2016\/wp-content\/uploads\/sites\/72\/2016\/06\/IMG_0806-300x225.jpg 300w, https:\/\/empresas.librosparatodoscr.com\/juanvinas2016\/wp-content\/uploads\/sites\/72\/2016\/06\/IMG_0806.jpg 733w\" sizes=\"auto, (max-width: 400px) 100vw, 400px\" \/>\t\t\n\t\t<div>\n\t\t\t<h4>Actividad con directores y docentes donados 8<small>Fotos<\/small><\/h4>\t\t<\/div>\n\t<\/a>\n\t\n\t<div class=\"isotope-alt-details\">\n\t\t<div>\n\t\t\t<h4 class=\"remove-bottom\">Actividad con directores y docentes donados 8<\/h4><p class=\"meta\">Fotos<\/p>\t\t<\/div>\n\t<\/div>\n\t\n<\/li>\n<li id=\"portfolio-118\" class=\"fotos post-118 portfolio type-portfolio status-publish format-standard has-post-thumbnail hentry portfolio-category-fotos\">\n\n\t<a href=\"https:\/\/empresas.librosparatodoscr.com\/juanvinas2016\/portfolio\/actividad-con-directores-y-docentes-donados-7\/\" class=\"ajax-link isotope-alt-image\">\n\t\n\t\t<img loading=\"lazy\" decoding=\"async\" width=\"400\" height=\"300\" src=\"https:\/\/empresas.librosparatodoscr.com\/juanvinas2016\/wp-content\/uploads\/sites\/72\/2016\/06\/IMG_0781-400x300.jpg\" class=\"attachment-portfolio size-portfolio wp-post-image\" alt=\"\" srcset=\"https:\/\/empresas.librosparatodoscr.com\/juanvinas2016\/wp-content\/uploads\/sites\/72\/2016\/06\/IMG_0781-400x300.jpg 400w, https:\/\/empresas.librosparatodoscr.com\/juanvinas2016\/wp-content\/uploads\/sites\/72\/2016\/06\/IMG_0781-300x225.jpg 300w, https:\/\/empresas.librosparatodoscr.com\/juanvinas2016\/wp-content\/uploads\/sites\/72\/2016\/06\/IMG_0781.jpg 733w\" sizes=\"auto, (max-width: 400px) 100vw, 400px\" \/>\t\t\n\t\t<div>\n\t\t\t<h4>Actividad con directores y docentes donados 7<small>Fotos<\/small><\/h4>\t\t<\/div>\n\t<\/a>\n\t\n\t<div class=\"isotope-alt-details\">\n\t\t<div>\n\t\t\t<h4 class=\"remove-bottom\">Actividad con directores y docentes donados 7<\/h4><p class=\"meta\">Fotos<\/p>\t\t<\/div>\n\t<\/div>\n\t\n<\/li>\n<li id=\"portfolio-117\" class=\"fotos post-117 portfolio type-portfolio status-publish format-standard has-post-thumbnail hentry portfolio-category-fotos\">\n\n\t<a href=\"https:\/\/empresas.librosparatodoscr.com\/juanvinas2016\/portfolio\/actividad-con-directores-y-docentes-donados-6\/\" class=\"ajax-link isotope-alt-image\">\n\t\n\t\t<img loading=\"lazy\" decoding=\"async\" width=\"400\" height=\"300\" src=\"https:\/\/empresas.librosparatodoscr.com\/juanvinas2016\/wp-content\/uploads\/sites\/72\/2016\/06\/IMG_0779-400x300.jpg\" class=\"attachment-portfolio size-portfolio wp-post-image\" alt=\"\" srcset=\"https:\/\/empresas.librosparatodoscr.com\/juanvinas2016\/wp-content\/uploads\/sites\/72\/2016\/06\/IMG_0779-400x300.jpg 400w, https:\/\/empresas.librosparatodoscr.com\/juanvinas2016\/wp-content\/uploads\/sites\/72\/2016\/06\/IMG_0779-300x225.jpg 300w, https:\/\/empresas.librosparatodoscr.com\/juanvinas2016\/wp-content\/uploads\/sites\/72\/2016\/06\/IMG_0779.jpg 733w\" sizes=\"auto, (max-width: 400px) 100vw, 400px\" \/>\t\t\n\t\t<div>\n\t\t\t<h4>Actividad con directores y docentes donados 6<small>Fotos<\/small><\/h4>\t\t<\/div>\n\t<\/a>\n\t\n\t<div class=\"isotope-alt-details\">\n\t\t<div>\n\t\t\t<h4 class=\"remove-bottom\">Actividad con directores y docentes donados 6<\/h4><p class=\"meta\">Fotos<\/p>\t\t<\/div>\n\t<\/div>\n\t\n<\/li>\n<li id=\"portfolio-116\" class=\"fotos post-116 portfolio type-portfolio status-publish format-standard has-post-thumbnail hentry portfolio-category-fotos\">\n\n\t<a href=\"https:\/\/empresas.librosparatodoscr.com\/juanvinas2016\/portfolio\/actividad-con-directores-y-docentes-donados-5\/\" class=\"ajax-link isotope-alt-image\">\n\t\n\t\t<img loading=\"lazy\" decoding=\"async\" width=\"400\" height=\"300\" src=\"https:\/\/empresas.librosparatodoscr.com\/juanvinas2016\/wp-content\/uploads\/sites\/72\/2016\/06\/IMG_0783-400x300.jpg\" class=\"attachment-portfolio size-portfolio wp-post-image\" alt=\"\" srcset=\"https:\/\/empresas.librosparatodoscr.com\/juanvinas2016\/wp-content\/uploads\/sites\/72\/2016\/06\/IMG_0783-400x300.jpg 400w, https:\/\/empresas.librosparatodoscr.com\/juanvinas2016\/wp-content\/uploads\/sites\/72\/2016\/06\/IMG_0783-300x225.jpg 300w, https:\/\/empresas.librosparatodoscr.com\/juanvinas2016\/wp-content\/uploads\/sites\/72\/2016\/06\/IMG_0783.jpg 733w\" sizes=\"auto, (max-width: 400px) 100vw, 400px\" \/>\t\t\n\t\t<div>\n\t\t\t<h4>Actividad con directores y docentes donados 5<small>Fotos<\/small><\/h4>\t\t<\/div>\n\t<\/a>\n\t\n\t<div class=\"isotope-alt-details\">\n\t\t<div>\n\t\t\t<h4 class=\"remove-bottom\">Actividad con directores y docentes donados 5<\/h4><p class=\"meta\">Fotos<\/p>\t\t<\/div>\n\t<\/div>\n\t\n<\/li>\n<li id=\"portfolio-115\" class=\"fotos post-115 portfolio type-portfolio status-publish format-standard has-post-thumbnail hentry portfolio-category-fotos\">\n\n\t<a href=\"https:\/\/empresas.librosparatodoscr.com\/juanvinas2016\/portfolio\/actividad-con-directores-y-docentes-donados-4\/\" class=\"ajax-link isotope-alt-image\">\n\t\n\t\t<img loading=\"lazy\" decoding=\"async\" width=\"400\" height=\"300\" src=\"https:\/\/empresas.librosparatodoscr.com\/juanvinas2016\/wp-content\/uploads\/sites\/72\/2016\/06\/IMG_0787-400x300.jpg\" class=\"attachment-portfolio size-portfolio wp-post-image\" alt=\"\" srcset=\"https:\/\/empresas.librosparatodoscr.com\/juanvinas2016\/wp-content\/uploads\/sites\/72\/2016\/06\/IMG_0787-400x300.jpg 400w, https:\/\/empresas.librosparatodoscr.com\/juanvinas2016\/wp-content\/uploads\/sites\/72\/2016\/06\/IMG_0787-300x225.jpg 300w, https:\/\/empresas.librosparatodoscr.com\/juanvinas2016\/wp-content\/uploads\/sites\/72\/2016\/06\/IMG_0787.jpg 733w\" sizes=\"auto, (max-width: 400px) 100vw, 400px\" \/>\t\t\n\t\t<div>\n\t\t\t<h4>Actividad con directores y docentes donados 4<small>Fotos<\/small><\/h4>\t\t<\/div>\n\t<\/a>\n\t\n\t<div class=\"isotope-alt-details\">\n\t\t<div>\n\t\t\t<h4 class=\"remove-bottom\">Actividad con directores y docentes donados 4<\/h4><p class=\"meta\">Fotos<\/p>\t\t<\/div>\n\t<\/div>\n\t\n<\/li>\n<li id=\"portfolio-114\" class=\"fotos post-114 portfolio type-portfolio status-publish format-standard has-post-thumbnail hentry portfolio-category-fotos\">\n\n\t<a href=\"https:\/\/empresas.librosparatodoscr.com\/juanvinas2016\/portfolio\/actividad-con-directores-y-docentes-donados-3\/\" class=\"ajax-link isotope-alt-image\">\n\t\n\t\t<img loading=\"lazy\" decoding=\"async\" width=\"400\" height=\"300\" src=\"https:\/\/empresas.librosparatodoscr.com\/juanvinas2016\/wp-content\/uploads\/sites\/72\/2016\/06\/IMG_0775-400x300.jpg\" class=\"attachment-portfolio size-portfolio wp-post-image\" alt=\"\" srcset=\"https:\/\/empresas.librosparatodoscr.com\/juanvinas2016\/wp-content\/uploads\/sites\/72\/2016\/06\/IMG_0775-400x300.jpg 400w, https:\/\/empresas.librosparatodoscr.com\/juanvinas2016\/wp-content\/uploads\/sites\/72\/2016\/06\/IMG_0775-300x225.jpg 300w, https:\/\/empresas.librosparatodoscr.com\/juanvinas2016\/wp-content\/uploads\/sites\/72\/2016\/06\/IMG_0775.jpg 733w\" sizes=\"auto, (max-width: 400px) 100vw, 400px\" \/>\t\t\n\t\t<div>\n\t\t\t<h4>Actividad con directores y docentes donados 3<small>Fotos<\/small><\/h4>\t\t<\/div>\n\t<\/a>\n\t\n\t<div class=\"isotope-alt-details\">\n\t\t<div>\n\t\t\t<h4 class=\"remove-bottom\">Actividad con directores y docentes donados 3<\/h4><p class=\"meta\">Fotos<\/p>\t\t<\/div>\n\t<\/div>\n\t\n<\/li>\n<li id=\"portfolio-112\" class=\"fotos post-112 portfolio type-portfolio status-publish format-standard has-post-thumbnail hentry portfolio-category-fotos\">\n\n\t<a href=\"https:\/\/empresas.librosparatodoscr.com\/juanvinas2016\/portfolio\/actividad-con-directores-y-docentes-donados-2\/\" class=\"ajax-link isotope-alt-image\">\n\t\n\t\t<img loading=\"lazy\" decoding=\"async\" width=\"400\" height=\"300\" src=\"https:\/\/empresas.librosparatodoscr.com\/juanvinas2016\/wp-content\/uploads\/sites\/72\/2016\/06\/IMG_0790-400x300.jpg\" class=\"attachment-portfolio size-portfolio wp-post-image\" alt=\"\" \/>\t\t\n\t\t<div>\n\t\t\t<h4>Actividad con directores y docentes donados 2<small>Fotos<\/small><\/h4>\t\t<\/div>\n\t<\/a>\n\t\n\t<div class=\"isotope-alt-details\">\n\t\t<div>\n\t\t\t<h4 class=\"remove-bottom\">Actividad con directores y docentes donados 2<\/h4><p class=\"meta\">Fotos<\/p>\t\t<\/div>\n\t<\/div>\n\t\n<\/li>\n<li id=\"portfolio-103\" class=\"fotos post-103 portfolio type-portfolio status-publish format-standard has-post-thumbnail hentry portfolio-category-fotos\">\n\n\t<a href=\"https:\/\/empresas.librosparatodoscr.com\/juanvinas2016\/portfolio\/actividad-con-directores-y-docentes-donados-1\/\" class=\"ajax-link isotope-alt-image\">\n\t\n\t\t<img loading=\"lazy\" decoding=\"async\" width=\"400\" height=\"300\" src=\"https:\/\/empresas.librosparatodoscr.com\/juanvinas2016\/wp-content\/uploads\/sites\/72\/2016\/06\/IMG_0788-400x300.jpg\" class=\"attachment-portfolio size-portfolio wp-post-image\" alt=\"\" srcset=\"https:\/\/empresas.librosparatodoscr.com\/juanvinas2016\/wp-content\/uploads\/sites\/72\/2016\/06\/IMG_0788-400x300.jpg 400w, https:\/\/empresas.librosparatodoscr.com\/juanvinas2016\/wp-content\/uploads\/sites\/72\/2016\/06\/IMG_0788-300x225.jpg 300w, https:\/\/empresas.librosparatodoscr.com\/juanvinas2016\/wp-content\/uploads\/sites\/72\/2016\/06\/IMG_0788.jpg 733w\" sizes=\"auto, (max-width: 400px) 100vw, 400px\" \/>\t\t\n\t\t<div>\n\t\t\t<h4>Actividad con directores y docentes donados 1<small>Fotos<\/small><\/h4>\t\t<\/div>\n\t<\/a>\n\t\n\t<div class=\"isotope-alt-details\">\n\t\t<div>\n\t\t\t<h4 class=\"remove-bottom\">Actividad con directores y docentes donados 1<\/h4><p class=\"meta\">Fotos<\/p>\t\t<\/div>\n\t<\/div>\n\t\n<\/li>\t\t\t\n\t\t<\/ul>\n\t\n\t<\/div><div id=\"aq-block-7-12\" class=\"aq-block aq-block-aq_ebor_clear_block aq_span12 aq-first clearfix\"><div class=\"clear\"><\/div><div style=\"width:100%;height:10px;\"><\/div><\/div><div id=\"aq-block-7-13\" class=\"aq-block aq-block-aq_ebor_text_block aq_span12 aq-first clearfix\">\t\n\t\t<div class=\"animated\" data-animation=\"none animated-visible\">\n\t\t\n\t\t\t<h5>Detalles<\/h5><p><a name=\"detalles\">&nbsp;<\/a><\/p>\n<h4>Cobertura 2016<\/h4>\n<p><iframe style=\"width:100%; height:500px;\" src=\"http:\/\/empresas.librosparatodoscr.com\/_assets\/2016\/maps\/juanVinas.html\" frameborder=\"0\" style=\"display:block; margin:0px auto;\"><\/iframe><\/p>\n<h4>Estudiantes beneficiados en el tiempo<\/h4>\n<p><iframe style=\"width:100%; height:400px;\" src=\"http:\/\/empresas.librosparatodoscr.com\/_assets\/2016\/charts\/juanVinas_estudiantes.html\" frameborder=\"0\" style=\"display:block; margin:0px auto;\"><\/iframe><\/p>\n<h4>Escuelas donadas en el tiempo<\/h4>\n<p><iframe style=\"width:100%; height:400px;\" src=\"http:\/\/empresas.librosparatodoscr.com\/_assets\/2016\/charts\/juanVinas_escuelas.html\" frameborder=\"0\" style=\"display:block; margin:0px auto;\"><\/iframe><\/p>\n<h4>Lista de Escuelas 2016<\/h4>\n<div class=\"tablaCentros\">\n<div class=\"provincia\">Cartago<\/div>\n<div>SANTA MARTA<\/div>\n<div>EL SITIO<\/div>\n<div>MARCO AURELIO PEREIRA (LA VICTORIA)<\/div>\n<div>CECILIO LINDO MORALES<\/div>\n<div>LOURDES<\/div>\n<div>LA GLORIA<\/div>\n<div>MANUEL JIMENEZ DE LA GUARDIA<\/div>\n<div>LOS ALPES<\/div>\n<div>SAN MIGUEL<\/div>\n<div>EL CONGO<\/div>\n<div>DR.CARLOS VALVERDE VEGA<\/div>\n<div>FELIPE J. ALVARADO<\/div>\n<div>RUDECINDO VARGAS QUIR\u00d3S<\/div>\n<div>MARIO PACHECO S\u00c1ENZ<\/div>\n<div>ENRIQUE PACHECO<\/div>\n<div>JAVILLOS<\/div>\n<div>EL CAS DE SANTA TERESITA<\/div>\n<div>ESLAB\u00d3N<\/div>\n<div>LA ESPERANZA<\/div>\n<div>LA ESMERALDA<\/div>\n<div>LA DOMINICA<\/div>\n<div>YOLANDA<\/div>\n<\/div>\n\t\t\n\t\t<\/div>\n\t\t\n\t<\/div><div id=\"aq-block-7-14\" class=\"aq-block aq-block-aq_ebor_clear_block aq_span12 aq-first clearfix\"><div class=\"clear\"><\/div><div style=\"width:100%;height:10px;\"><\/div><\/div><\/div>\n","protected":false},"excerpt":{"rendered":"","protected":false},"author":1,"featured_media":0,"parent":0,"menu_order":0,"comment_status":"closed","ping_status":"closed","template":"page_home.php","meta":{"footnotes":""},"class_list":["post-2","page","type-page","status-publish","hentry"],"_links":{"self":[{"href":"https:\/\/empresas.librosparatodoscr.com\/juanvinas2016\/wp-json\/wp\/v2\/pages\/2","targetHints":{"allow":["GET"]}}],"collection":[{"href":"https:\/\/empresas.librosparatodoscr.com\/juanvinas2016\/wp-json\/wp\/v2\/pages"}],"about":[{"href":"https:\/\/empresas.librosparatodoscr.com\/juanvinas2016\/wp-json\/wp\/v2\/types\/page"}],"author":[{"embeddable":true,"href":"https:\/\/empresas.librosparatodoscr.com\/juanvinas2016\/wp-json\/wp\/v2\/users\/1"}],"replies":[{"embeddable":true,"href":"https:\/\/empresas.librosparatodoscr.com\/juanvinas2016\/wp-json\/wp\/v2\/comments?post=2"}],"version-history":[{"count":52,"href":"https:\/\/empresas.librosparatodoscr.com\/juanvinas2016\/wp-json\/wp\/v2\/pages\/2\/revisions"}],"predecessor-version":[{"id":95,"href":"https:\/\/empresas.librosparatodoscr.com\/juanvinas2016\/wp-json\/wp\/v2\/pages\/2\/revisions\/95"}],"wp:attachment":[{"href":"https:\/\/empresas.librosparatodoscr.com\/juanvinas2016\/wp-json\/wp\/v2\/media?parent=2"}],"curies":[{"name":"wp","href":"https:\/\/api.w.org\/{rel}","templated":true}]}}