{"id":174,"date":"2016-07-01T08:13:10","date_gmt":"2016-07-01T14:13:10","guid":{"rendered":"http:\/\/empresas.librosparatodoscr.com\/solnaciente2016\/?page_id=174"},"modified":"2016-07-21T09:00:41","modified_gmt":"2016-07-21T15:00:41","slug":"escuela-leon-xiii","status":"publish","type":"page","link":"https:\/\/empresas.librosparatodoscr.com\/solnaciente2016\/escuela-leon-xiii\/","title":{"rendered":"Escuela Le\u00f3n XIII"},"content":{"rendered":"<h4 style=\"text-align: center;\">Rendimiento Acad\u00e9mico 2011 a 2015<\/h4>\n<p><iframe loading=\"lazy\" style=\"display: block; margin: 0px auto;\" src=\"http:\/\/empresas.librosparatodoscr.com\/_assets\/2016\/sol_naciente\/leon_XIII\/rendimiento.html\" width=\"100%\" height=\"500\" frameborder=\"0\"><\/iframe><\/p>\n<div style=\"text-align: center;\">La deserci\u00f3n ha sido del 0% en los 5 a\u00f1os mostrados en el gr\u00e1fico.<\/div>\n<p>&nbsp;<\/p>\n<h4 style=\"text-align: center;\">Encuesta a los docentes<\/h4>\n<h5 style=\"text-align: center;\">1. \u00bfUtilizan sus estudiantes estos libros?<\/h5>\n<p><iframe loading=\"lazy\" style=\"display: block; margin: 0px auto; overflow: hidden;\" src=\"http:\/\/empresas.librosparatodoscr.com\/_assets\/2016\/sol_naciente\/leon_XIII\/01-encuesta.html\" width=\"100%\" height=\"340\" frameborder=\"0\"><\/iframe><\/p>\n<p>&nbsp;<\/p>\n<h5 style=\"text-align: center;\">2. \u00bfUtiliza usted los contenidos y pr\u00e1cticas de los libros diariamente?<\/h5>\n<p><iframe loading=\"lazy\" style=\"display: block; margin: 0px auto; overflow: hidden;\" src=\"http:\/\/empresas.librosparatodoscr.com\/_assets\/2016\/sol_naciente\/leon_XIII\/02-encuesta.html\" width=\"100%\" height=\"340\" frameborder=\"0\"><\/iframe><\/p>\n<p>&nbsp;<\/p>\n<h5 style=\"text-align: center;\">3. \u00bfAsigna tareas y proyectos bas\u00e1ndose en esos textos?<\/h5>\n<p><iframe loading=\"lazy\" style=\"display: block; margin: 0px auto; overflow: hidden;\" src=\"http:\/\/empresas.librosparatodoscr.com\/_assets\/2016\/sol_naciente\/leon_XIII\/03-encuesta.html\" width=\"100%\" height=\"340\" frameborder=\"0\"><\/iframe><\/p>\n<p>&nbsp;<\/p>\n<h5 style=\"text-align: center;\">4. \u00bfQu\u00e9 aspectos positivos de los textos le han ayudado en su quehacer?<\/h5>\n<div class=\"rowAnser1\">Los libros de texto permiten tener un resumen y pr\u00e1cticas de los temas estudiados de acuerdo con los programas de estudio.<\/div>\n<div class=\"rowAnser2\">Los libros cumplen con los programas de estudio de cada asignatura.<\/div>\n<div class=\"rowAnser1\">Complementan el aprendizaje de los estudiantes y contribuyen al ahorro en lo econ\u00f3mico para los padres de familia.<\/div>\n<div class=\"rowAnser2\">Es un material de apoyo bastante bueno que al ser donado beneficia a los estudiantes en diferentes contenidos.<\/div>\n<div class=\"rowAnser1\">Tienen pr\u00e1cticas para brindar mayor profundidad y reforzar algunos temas de Ciencias o Estudios Sociales.<\/div>\n<div class=\"rowAnser2\">Es el \u00fanico libro de texto con que cuentan los estudiantes. El trabajar con libros incentiva el inter\u00e9s por la lecci\u00f3n ya que las im\u00e1genes ayudan a ilustrar de forma m\u00e1s realista el tema. Ayudan al trabajo independiente.<\/div>\n<div class=\"rowAnser1\">Son muy llamativos e interesante para los estudiantes.<\/div>\n<div class=\"rowAnser2\">Me han ayudado a desarrollar m\u00e1s la materia para que los ni\u00f1os entiendan mejor los contenidos de la materia.<\/div>\n<div class=\"rowAnser1\">Algunas pr\u00e1cticas son adecuadas y se pueden aplicar con facilidad a los estudiantes.<\/div>\n<div class=\"rowAnser2\">Las pr\u00e1cticas, sobre todo de los libros de Ciencias y Estudios.<\/div>\n<div class=\"rowAnser1\">Facilitan la labor docente.<\/div>\n<div class=\"rowAnser2\">Las pr\u00e1cticas son muy variadas y buscan incentivar la creatividad en los ni\u00f1os. Los textos son resumidos, no hay exceso materia. Las im\u00e1genes y fotograf\u00edas ayudan mucho para explicar los temas.<\/div>\n<div class=\"rowAnser1\">Principalmente en la pr\u00e1cticas de los contenidos curriculares.<\/div>\n<div class=\"rowAnser2\">Trabajamos en la teor\u00eda y en las practicas, ya que est\u00e1n muy acordes al programa.<\/div>\n<div class=\"rowAnser1\">Los libros de Ciencias y Estudios Sociales me ayudan mucho, la materia viene directamente relacionada y los proyectos en ciencias son muy acertados.<\/div>\n<div class=\"rowAnser2\">Los contenidos est\u00e1n acordes con los programas propuestos por el MEP, por lo que permiten abarcar la totalidad del libro; el vocabulario es de total comprensi\u00f3n para los estudiantes y las pocas palabras que desconocen, se encuentran con facilidad en diccionarios o en Internet.<\/div>\n<div class=\"rowAnser1\">Los libros me han ayudado mucho en la materia de ciencias, ya que facilitan mi labor docente y adem\u00e1s le permite al estudiante no tener que copiar mucho en el cuaderno y as\u00ed tambi\u00e9n pueden observar im\u00e1genes del tema.<\/div>\n<p>&nbsp;<\/p>\n<h5 style=\"text-align: center;\">5. \u00bfSiguen estos libros los programas de estudio del MEP?<\/h5>\n<p><iframe loading=\"lazy\" style=\"display: block; margin: 0px auto; overflow: hidden;\" src=\"http:\/\/empresas.librosparatodoscr.com\/_assets\/2016\/sol_naciente\/leon_XIII\/06-encuesta.html\" width=\"100%\" height=\"340\" frameborder=\"0\"><\/iframe><\/p>\n<p>&nbsp;<\/p>\n<h5 style=\"text-align: center;\">6. \u00bfLe gustan estos libros?<\/h5>\n<p><iframe loading=\"lazy\" style=\"display: block; margin: 0px auto; overflow: hidden;\" src=\"http:\/\/empresas.librosparatodoscr.com\/_assets\/2016\/sol_naciente\/leon_XIII\/07-encuesta.html\" width=\"100%\" height=\"340\" frameborder=\"0\"><\/iframe><\/p>\n<h5 style=\"text-align: center;\">7. \u00bfLe gustan estos libros a los estudiantes?<\/h5>\n<p><iframe loading=\"lazy\" style=\"display: block; margin: 0px auto; overflow: hidden;\" src=\"http:\/\/empresas.librosparatodoscr.com\/_assets\/2016\/sol_naciente\/leon_XIII\/08-encuesta.html\" width=\"100%\" height=\"340\" frameborder=\"0\"><\/iframe><\/p>\n<h5 style=\"text-align: center;\">8. \u00bfHa habido mejor\u00eda acad\u00e9mica en los estudiantes a ra\u00edz del uso de estos libros?<\/h5>\n<p><iframe loading=\"lazy\" style=\"display: block; margin: 0px auto; overflow: hidden;\" src=\"http:\/\/empresas.librosparatodoscr.com\/_assets\/2016\/sol_naciente\/leon_XIII\/09-encuesta.html\" width=\"100%\" height=\"340\" frameborder=\"0\"><\/iframe><\/p>\n<p>&nbsp;<\/p>\n<h5 style=\"text-align: center;\">9. \u00bfQu\u00e9 opinan los padres de familia sobre estos textos?<\/h5>\n<div class=\"rowAnser1\">Les agradan y les parecen pertinentes.<\/div>\n<div class=\"rowAnser2\">Hasta el momento no han mostrado ning\u00fan inter\u00e9s<\/div>\n<div class=\"rowAnser1\">Est\u00e1n muy agradecidos por la ayuda acad\u00e9mica para sus hijos.<\/div>\n<div class=\"rowAnser2\">Que no son de gran ayuda porque las pr\u00e1cticas son elevadas y hay que estar al lado de los chicos para que logren realizarlas. Requieren mucha gu\u00eda.<\/div>\n<div class=\"rowAnser1\">Que sirven de apoyo en la preparaci\u00f3n acad\u00e9mica de sus hijos.<\/div>\n<div class=\"rowAnser2\">Les ayudan a comprender contenidos en estudio<\/div>\n<div class=\"rowAnser1\">Que son una ayuda para sus hijos. Tambi\u00e9n ayudan econ\u00f3micamente porque ellos no los pueden comprar.<\/div>\n<div class=\"rowAnser2\">Para ellos sirve como refuerzo a lo que se ve en clase.<\/div>\n<div class=\"rowAnser1\">No lo s\u00e9.<\/div>\n<div class=\"rowAnser2\">Les facilita materia y temas para estudiar con sus hijos.<\/div>\n<div class=\"rowAnser1\">Que son muy utiles.<\/div>\n<div class=\"rowAnser2\">Que son practicos y que les facilita mucho en el tema de lo econ\u00f3mico, ya que no se gasta en materiales.<\/div>\n<div class=\"rowAnser1\">Que son accesibles en precio y que el material deber\u00eda de mejorar un poco ya que se les rompen las hojas a los ni\u00f1os<\/div>\n<div class=\"rowAnser2\">Satisfacci\u00f3n ya que no los tienen que pagar y porque no son tan extensos como otros y se abarca la totalidad del libro.<\/div>\n<div class=\"rowAnser1\">Se sienten favorecidos econ\u00f3micamente puesto que esto para ellos significa un ahorro<\/div>\n<div class=\"rowAnser2\">Los padres no me han dado ninguna opini\u00f3n al respecto<\/div>\n<p>&nbsp;<\/p>\n<h5 style=\"text-align: center;\">10. \u00bfEstar\u00eda interesado en recibir los libros para el pr\u00f3ximo a\u00f1o?<\/h5>\n<p><iframe loading=\"lazy\" style=\"display: block; margin: 0px auto; overflow: hidden;\" src=\"http:\/\/empresas.librosparatodoscr.com\/_assets\/2016\/sol_naciente\/leon_XIII\/11-encuesta.html\" width=\"100%\" height=\"340\" frameborder=\"0\"><\/iframe><\/p>\n<p>&nbsp;<\/p>\n<h5 style=\"text-align: center;\">11. Si ha usado la p\u00e1gina web, cu\u00e9ntenos de qu\u00e9 manera ha beneficiado su labor<\/h5>\n<div class=\"rowAnser1\">No la he usado.<\/div>\n<div class=\"rowAnser2\">No la he usado.<\/div>\n<div class=\"rowAnser1\">No la he usado.<\/div>\n<div class=\"rowAnser2\">No la he usado\ufeff.<\/div>\n<div class=\"rowAnser1\">No he tenido la ocasi\u00f3n.<\/div>\n<div class=\"rowAnser2\">A\u00fan no la he usado pero debe ser de mucha ayuda.<\/div>\n<div class=\"rowAnser1\">En a\u00f1os anteriores s\u00ed, este a\u00f1o lo he intentado pero no me da acceso.<\/div>\n<div class=\"rowAnser2\">No<\/div>\n<div class=\"rowAnser1\">Nunca me he metido a esa p\u00e1gina. No tengo internet. Voy a intentar meterme a ver que puedo conocer para mi labor.<\/div>\n<div class=\"rowAnser2\">No la he utilizado.<\/div>\n<div class=\"rowAnser1\">La utilic\u00e9 el a\u00f1o pasado, porque este a\u00f1o, nunca me lleg\u00f3 la clave de ingreso; las tareas y lo ex\u00e1menes eran s\u00faper \u00fatiles, y los ni\u00f1os las realizaban con mucho agrado.<\/div>\n<div class=\"rowAnser2\">Se pueden adquirir muchas pr\u00e1cticas adicionales y ejemplos de \u00edtems para los ex\u00e1menes.<\/div>\n<div class=\"rowAnser1\">En otros a\u00f1os la he usado pero este a\u00f1o realmente no, principalmente por cuesti\u00f3n de tiempo mientras realizo la investigaci\u00f3n.<\/div>\n<div class=\"rowAnser2\">Lamentablemente no la he podido usar, no he logrado que me den el c\u00f3digo. Pero si tengo excelentes referencias de compa\u00f1eras que las utilizan. Espero poder utilizarlas pronto.<\/div>\n<div class=\"rowAnser1\">No he tenido la ocasi\u00f3n.<\/div>\n<div class=\"rowAnser2\">No la he utilizado.<\/div>\n<p>&nbsp;<\/p>\n<h5 style=\"text-align: center;\">12. Anote cualquier sugerencia adicional.<\/h5>\n<div class=\"rowAnser1\">Muchas gracias por donar los libros a mis estudiantes. Son un recurso muy valioso.<\/div>\n<div class=\"rowAnser2\">Muchas gracias por colaborar con nuestros estudiantes, que el Se\u00f1or les retribuya tanta bondad.<\/div>\n<div class=\"rowAnser1\">Proporcionarles a los maestros tambi\u00e9n como gu\u00eda.<\/div>\n<div class=\"rowAnser2\">Muchas gracias por colaborar con nuestros estudiantes, que el Se\u00f1or les retribuya tanta bondad.<\/div>\n<div class=\"rowAnser1\">Libros gu\u00eda para los docentes.<\/div>\n<div class=\"rowAnser2\">Los libros han mejorado mucho pero creo que si las pr\u00e1cticas las brindaran m\u00e1s a nivel de primer grado ser\u00edan mucho mas provechosas.<\/div>\n<div class=\"rowAnser1\">En a\u00f1os anteriores se nos facilitaban libros para los docentes y eso nos ayudaba para dirigir las actividades de clase, sobre todo en primer ciclo, o para ni\u00f1os que ingresan luego y no tienen libro para trabajar en clase.<\/div>\n<div class=\"rowAnser2\">Requieren de m\u00e1s material concreto de manera que el estudiante pueda guiarse sin mucha dificultad porque aunque est\u00e1n en segundo grado muchos no saben leer.<\/div>\n<div class=\"rowAnser1\">Si pudieran mandarnos la clave, se los agradecer\u00edamos, estoy trabajando en la Escuela Le\u00f3n XIII, nos donaron los libros, y nos dieron una capacitaci\u00f3n, apuntamos nuestro correo, pero nunca nos mandaron la clave y si estamos trabajando, al menos yo s\u00ed, en tercer grado, con los libros y me gustar\u00eda ingresar por las tareas y las pr\u00e1cticas.<\/div>\n<div class=\"rowAnser2\">Gracias por las donaciones que siempre ayudan mucho a los ni\u00f1os y ni\u00f1as mas necesitados.<\/div>\n<div class=\"rowAnser1\">Lo \u00fanico que podr\u00eda sugerir es la ampliaci\u00f3n de algunos temas y que se tome en cuenta a las docentes a la hora de entregar los libros, por lo menos que lleven para que los podamos comprar en el momento que los entregan; ya que tambi\u00e9n debemos contar con ellos para los planes. Muy agradecida y mis estudiantes tambi\u00e9n.<br \/>\nSigan adelante con su labor, Dios les bendiga.<\/div>\n<div class=\"rowAnser2\">Libros gu\u00eda para los docentes.<\/div>\n<div class=\"rowAnser1\">Solamente deseo agradecer por la gran ayuda brindada con la donaci\u00f3n  de los libros<\/div>\n<p>&nbsp;<\/p>\n<h5 style=\"text-align: center;\">Aspectos de mejora<\/h5>\n<div class=\"rowAnser1\">Adem\u00e1s, se consult\u00f3 a los docentes por aspectos de mejora del material did\u00e1ctico, que ser\u00e1n tomados en cuenta el \u00e1rea editorial de Libros para Todos.<\/div>\n","protected":false},"excerpt":{"rendered":"<p>Rendimiento Acad\u00e9mico 2011 a 2015 La deserci\u00f3n ha sido del 0% en los 5 a\u00f1os mostrados en el gr\u00e1fico. &nbsp; Encuesta a los docentes 1. \u00bfUtilizan sus estudiantes estos libros? &nbsp; 2. \u00bfUtiliza usted los contenidos y pr\u00e1cticas de los libros diariamente? &nbsp; 3. \u00bfAsigna tareas y proyectos bas\u00e1ndose en esos textos? &nbsp; 4. \u00bfQu\u00e9 aspectos positivos de los textos le han ayudado en su quehacer? Los libros de texto permiten tener un resumen y pr\u00e1cticas de los temas estudiados&#8230;<\/p>\n","protected":false},"author":1,"featured_media":0,"parent":0,"menu_order":0,"comment_status":"closed","ping_status":"closed","template":"","meta":{"footnotes":""},"class_list":["post-174","page","type-page","status-publish","hentry"],"_links":{"self":[{"href":"https:\/\/empresas.librosparatodoscr.com\/solnaciente2016\/wp-json\/wp\/v2\/pages\/174","targetHints":{"allow":["GET"]}}],"collection":[{"href":"https:\/\/empresas.librosparatodoscr.com\/solnaciente2016\/wp-json\/wp\/v2\/pages"}],"about":[{"href":"https:\/\/empresas.librosparatodoscr.com\/solnaciente2016\/wp-json\/wp\/v2\/types\/page"}],"author":[{"embeddable":true,"href":"https:\/\/empresas.librosparatodoscr.com\/solnaciente2016\/wp-json\/wp\/v2\/users\/1"}],"replies":[{"embeddable":true,"href":"https:\/\/empresas.librosparatodoscr.com\/solnaciente2016\/wp-json\/wp\/v2\/comments?post=174"}],"version-history":[{"count":48,"href":"https:\/\/empresas.librosparatodoscr.com\/solnaciente2016\/wp-json\/wp\/v2\/pages\/174\/revisions"}],"predecessor-version":[{"id":235,"href":"https:\/\/empresas.librosparatodoscr.com\/solnaciente2016\/wp-json\/wp\/v2\/pages\/174\/revisions\/235"}],"wp:attachment":[{"href":"https:\/\/empresas.librosparatodoscr.com\/solnaciente2016\/wp-json\/wp\/v2\/media?parent=174"}],"curies":[{"name":"wp","href":"https:\/\/api.w.org\/{rel}","templated":true}]}}